{"id":1075,"date":"2024-08-26T13:46:22","date_gmt":"2024-08-26T13:46:22","guid":{"rendered":"https:\/\/entwicklungsumgebung6729.live-website.com\/?page_id=1075"},"modified":"2025-10-15T15:31:00","modified_gmt":"2025-10-15T15:31:00","slug":"social-media-services","status":"publish","type":"page","link":"https:\/\/smart-pr.de\/de\/leistungen\/social-media-services\/","title":{"rendered":"Social Media Services"},"content":{"rendered":"<div class=\"wpb-content-wrapper\"><p>[vc_row full_width=&#8220;stretch_row_content_no_spaces&#8220; css=&#8220;.vc_custom_1729004642234{margin-top: -30px !important;}&#8220;][vc_column][vc_single_image image=&#8220;6416&#8243; img_size=&#8220;full&#8220; alignment=&#8220;center&#8220; css=&#8220;&#8220;][\/vc_column][\/vc_row][vc_row][vc_column width=&#8220;1\/6&#8243;][\/vc_column][vc_column width=&#8220;2\/3&#8243;][vc_column_text css_animation=&#8220;fadeIn&#8220; css=&#8220;&#8220;]<\/p>\n<h1><strong>Smart Social Media L\u00f6sungen f\u00fcr maximale Markenbekanntheit<\/strong><\/h1>\n<p>[\/vc_column_text][vc_column_text css_animation=&#8220;fadeIn&#8220; css=&#8220;&#8220;]In der heutigen digitalen Welt reicht es nicht mehr, einfach nur pr\u00e4sent zu sein \u2013 es geht darum, aufzufallen und zu \u00fcberzeugen. Bei Smart PR bieten wir umfassende Social Media Services, die weit \u00fcber das Posten von Inhalten hinausgehen. Wir bringen Ihre Marke auf die gr\u00f6\u00dften Plattformen wie <strong>TikTok, Instagram, Facebook, LinkedIn, Pinterest<\/strong> und <strong>YouTube<\/strong> und sorgen mit gezielten <strong>Werbekampagnen<\/strong> und detaillierten <strong>Analysen<\/strong> daf\u00fcr, dass Sie die richtigen Menschen zur richtigen Zeit erreichen.<\/p>\n<p>Egal, ob Sie Ihre Reichweite auf Social Media vergr\u00f6\u00dfern, neue Zielgruppen ansprechen oder Ihre bestehende Community binden wollen \u2013 wir entwickeln ma\u00dfgeschneiderte Strategien, die Ihre Marke ins Rampenlicht r\u00fccken. Mit einem datengetriebenen Ansatz und kreativen Ideen holen wir das Beste aus jeder Plattform heraus und sorgen f\u00fcr messbare Erfolge.[\/vc_column_text][\/vc_column][vc_column width=&#8220;1\/6&#8243;][\/vc_column][\/vc_row][vc_row][vc_column width=&#8220;1\/6&#8243;][\/vc_column][vc_column width=&#8220;2\/3&#8243;][vc_column_text css_animation=&#8220;fadeIn&#8220; css=&#8220;&#8220;]H\u00e4ufige Fragen zu Social Media Services beantworten wir in unseren <a href=\"https:\/\/blog.smart-pr.de\/faqs#hs_cos_wrapper_module_1757000858699\">[FAQs]<\/a>[\/vc_column_text][\/vc_column][vc_column width=&#8220;1\/6&#8243;][\/vc_column][\/vc_row][vc_row][vc_column width=&#8220;1\/4&#8243;][\/vc_column][vc_column width=&#8220;1\/2&#8243;][vc_column_text css_animation=&#8220;fadeIn&#8220; css=&#8220;&#8220;]<\/p>\n<h2 style=\"text-align: center;\"><strong>Unsere Leistungen <\/strong><\/h2>\n<p>[\/vc_column_text][\/vc_column][vc_column width=&#8220;1\/4&#8243;][\/vc_column][\/vc_row][vc_row gap=&#8220;35&#8243; css_animation=&#8220;fadeInUp&#8220;][vc_column width=&#8220;1\/4&#8243;][vc_media_grid element_width=&#8220;12&#8243; gap=&#8220;0&#8243; item=&#8220;2051&#8243; css=&#8220;&#8220; initial_loading_animation=&#8220;fadeInLeft&#8220; grid_id=&#8220;vc_gid:1758007740022-7b19131c-dd2a-5&#8243; include=&#8220;9221&#8243;][vc_btn title=&#8220;zu Social Media Advertising&#8220; style=&#8220;outline-custom&#8220; outline_custom_color=&#8220;#0a0a0a&#8220; outline_custom_hover_background=&#8220;#ffd500&#8243; outline_custom_hover_text=&#8220;#0a0a0a&#8220; align=&#8220;center&#8220; css=&#8220;&#8220; link=&#8220;url:%2Fleistungen%2Fsocial-media-services%2Fsocial-media-advertising%2F|title:Social%20Media%20Advertising&#8220;][\/vc_column][vc_column width=&#8220;1\/4&#8243;][vc_media_grid element_width=&#8220;12&#8243; gap=&#8220;0&#8243; item=&#8220;2054&#8243; css=&#8220;&#8220; initial_loading_animation=&#8220;fadeInUp&#8220; grid_id=&#8220;vc_gid:1758007740027-c218e4c0-13ec-4&#8243; include=&#8220;9223&#8243;][vc_btn title=&#8220;zu TikTok&#8220; style=&#8220;outline-custom&#8220; outline_custom_color=&#8220;#0a0a0a&#8220; outline_custom_hover_background=&#8220;#ffd500&#8243; outline_custom_hover_text=&#8220;#0a0a0a&#8220; align=&#8220;center&#8220; css=&#8220;&#8220; link=&#8220;url:%2Fleistungen%2Fsocial-media-services%2Ftiktok%2F|title:TikTok&#8220;][\/vc_column][vc_column width=&#8220;1\/4&#8243;][vc_media_grid element_width=&#8220;12&#8243; gap=&#8220;0&#8243; item=&#8220;2057&#8243; css=&#8220;&#8220; initial_loading_animation=&#8220;fadeInUp&#8220; grid_id=&#8220;vc_gid:1758007740030-f1141fa3-cc39-3&#8243; include=&#8220;9225&#8243;][vc_btn title=&#8220;zu Instagram&#8220; style=&#8220;outline-custom&#8220; outline_custom_color=&#8220;#0a0a0a&#8220; outline_custom_hover_background=&#8220;#ffd500&#8243; outline_custom_hover_text=&#8220;#0a0a0a&#8220; align=&#8220;center&#8220; css=&#8220;&#8220; link=&#8220;url:%2Fleistungen%2Fsocial-media-services%2Finstagram%2F|title:Instagram&#8220;][\/vc_column][vc_column width=&#8220;1\/4&#8243;][vc_media_grid element_width=&#8220;12&#8243; gap=&#8220;0&#8243; item=&#8220;2060&#8243; css=&#8220;&#8220; initial_loading_animation=&#8220;fadeInRight&#8220; grid_id=&#8220;vc_gid:1758007740033-559e364b-0432-3&#8243; include=&#8220;9227&#8243;][vc_btn title=&#8220;zu LinkedIn&#8220; style=&#8220;outline-custom&#8220; outline_custom_color=&#8220;#0a0a0a&#8220; outline_custom_hover_background=&#8220;#ffd500&#8243; outline_custom_hover_text=&#8220;#0a0a0a&#8220; align=&#8220;center&#8220; css=&#8220;&#8220; link=&#8220;url:%2Fleistungen%2Fsocial-media-services%2Flinkedin%2F|title:LinkedIn&#8220;][\/vc_column][\/vc_row][vc_row gap=&#8220;35&#8243; css_animation=&#8220;fadeInUp&#8220;][vc_column width=&#8220;1\/4&#8243;][vc_media_grid element_width=&#8220;12&#8243; gap=&#8220;0&#8243; item=&#8220;2063&#8243; css=&#8220;&#8220; initial_loading_animation=&#8220;fadeInLeft&#8220; grid_id=&#8220;vc_gid:1758007740037-23b4491c-c333-8&#8243; include=&#8220;9229&#8243;][vc_btn title=&#8220;zu Facebook&#8220; style=&#8220;outline-custom&#8220; outline_custom_color=&#8220;#0a0a0a&#8220; outline_custom_hover_background=&#8220;#ffd500&#8243; outline_custom_hover_text=&#8220;#0a0a0a&#8220; align=&#8220;center&#8220; css=&#8220;&#8220; link=&#8220;url:%2Fleistungen%2Fsocial-media-services%2Ffacebook%2F|title:Facebook&#8220;][\/vc_column][vc_column width=&#8220;1\/4&#8243;][vc_media_grid element_width=&#8220;12&#8243; gap=&#8220;0&#8243; item=&#8220;2067&#8243; css=&#8220;&#8220; initial_loading_animation=&#8220;fadeInUp&#8220; grid_id=&#8220;vc_gid:1758007740040-6f78503a-f641-4&#8243; include=&#8220;9231&#8243;][vc_btn title=&#8220;zu Pinterest&#8220; style=&#8220;outline-custom&#8220; outline_custom_color=&#8220;#0a0a0a&#8220; outline_custom_hover_background=&#8220;#ffd500&#8243; outline_custom_hover_text=&#8220;#0a0a0a&#8220; align=&#8220;center&#8220; css=&#8220;&#8220; link=&#8220;url:%2Fleistungen%2Fsocial-media-services%2Fpinterest%2F|title:Pinterest&#8220;][\/vc_column][vc_column width=&#8220;1\/4&#8243;][vc_media_grid element_width=&#8220;12&#8243; gap=&#8220;0&#8243; item=&#8220;2070&#8243; css=&#8220;&#8220; initial_loading_animation=&#8220;fadeInUp&#8220; grid_id=&#8220;vc_gid:1758007740043-359a0a3e-807b-8&#8243; include=&#8220;9233&#8243;][vc_btn title=&#8220;zu Youtube&#8220; style=&#8220;outline-custom&#8220; outline_custom_color=&#8220;#0a0a0a&#8220; outline_custom_hover_background=&#8220;#ffd500&#8243; outline_custom_hover_text=&#8220;#0a0a0a&#8220; align=&#8220;center&#8220; css=&#8220;&#8220; link=&#8220;url:%2Fleistungen%2Fsocial-media-services%2Fyoutube%2F|title:Youtube&#8220;][\/vc_column][vc_column width=&#8220;1\/4&#8243;][vc_media_grid element_width=&#8220;12&#8243; gap=&#8220;0&#8243; item=&#8220;2074&#8243; css=&#8220;&#8220; initial_loading_animation=&#8220;fadeInRight&#8220; grid_id=&#8220;vc_gid:1758007740045-4111bc78-2096-6&#8243; include=&#8220;9235&#8243;][vc_btn title=&#8220;zu Social Media Analyse&#8220; style=&#8220;outline-custom&#8220; outline_custom_color=&#8220;#0a0a0a&#8220; outline_custom_hover_background=&#8220;#ffd500&#8243; outline_custom_hover_text=&#8220;#0a0a0a&#8220; align=&#8220;center&#8220; css=&#8220;&#8220; link=&#8220;url:%2Fleistungen%2Fsocial-media-services%2Fsocial-media-analyse%2F|title:Social%20Media%20Analyse&#8220;][\/vc_column][\/vc_row][vc_row full_width=&#8220;stretch_row_content_no_spaces&#8220; equal_height=&#8220;yes&#8220; content_placement=&#8220;middle&#8220; css_animation=&#8220;none&#8220; css=&#8220;.vc_custom_1729608412337{margin-bottom: -25px !important;padding-top: 5% !important;padding-right: 2% !important;padding-bottom: 5% !important;padding-left: 2% !important;background-color: #ffd500 !important;}&#8220;][vc_column css_animation=&#8220;fadeInLeft&#8220; width=&#8220;1\/2&#8243; css=&#8220;.vc_custom_1725436267372{margin-top: 0px !important;margin-bottom: 0px !important;padding-top: 0px !important;padding-bottom: 0px !important;}&#8220;][vc_row_inner][vc_column_inner][vc_column_text css=&#8220;.vc_custom_1725436372396{padding-right: 10% !important;padding-left: 10% !important;}&#8220;]<\/p>\n<h3 style=\"text-align: center;\"><span style=\"color: #000000;\">Unsere Leistungen<\/span><\/h3>\n<p>[\/vc_column_text][\/vc_column_inner][\/vc_row_inner][vc_column_text css=&#8220;.vc_custom_1731424114498{padding-right: 10% !important;padding-left: 10% !important;}&#8220;]Bereit, Ihre Social Media Pr\u00e4senz zu st\u00e4rken? Lassen Sie uns gemeinsam Ihre Zielgruppe erreichen und Ihre Marke online erfolgreich positionieren \u2013 kontaktieren Sie uns jetzt![\/vc_column_text][vc_row_inner][vc_column_inner][vc_icon icon_fontawesome=&#8220;fas fa-phone-alt&#8220; color=&#8220;custom&#8220; background_style=&#8220;rounded-less&#8220; background_color=&#8220;black&#8220; size=&#8220;sm&#8220; align=&#8220;center&#8220; css=&#8220;&#8220; custom_color=&#8220;#ffd500&#8243;][vc_column_text css=&#8220;&#8220;]<\/p>\n<h4 style=\"text-align: center;\">+49 211 2709-0<\/h4>\n<p>[\/vc_column_text][\/vc_column_inner][\/vc_row_inner][\/vc_column][vc_column css_animation=&#8220;fadeInRightBig&#8220; width=&#8220;1\/2&#8243;]\n<div class=\"wpcf7 no-js\" id=\"wpcf7-f11-o1\" lang=\"de-DE\" dir=\"ltr\" data-wpcf7-id=\"11\">\n<div class=\"screen-reader-response\"><p role=\"status\" aria-live=\"polite\" aria-atomic=\"true\"><\/p> <ul><\/ul><\/div>\n<form action=\"\/de\/wp-json\/wp\/v2\/pages\/1075#wpcf7-f11-o1\" method=\"post\" class=\"wpcf7-form init\" aria-label=\"Kontaktformular\" novalidate=\"novalidate\" data-status=\"init\">\n<fieldset class=\"hidden-fields-container\"><input type=\"hidden\" name=\"_wpcf7\" value=\"11\" \/><input type=\"hidden\" name=\"_wpcf7_version\" value=\"6.1.1\" \/><input type=\"hidden\" name=\"_wpcf7_locale\" value=\"de_DE\" \/><input type=\"hidden\" name=\"_wpcf7_unit_tag\" value=\"wpcf7-f11-o1\" \/><input type=\"hidden\" name=\"_wpcf7_container_post\" value=\"0\" \/><input type=\"hidden\" name=\"_wpcf7_posted_data_hash\" value=\"\" \/><input type=\"hidden\" name=\"_wpcf7_recaptcha_response\" value=\"\" \/>\n<\/fieldset>\n<p><label> Dein Name*<br \/>\n<span class=\"wpcf7-form-control-wrap\" data-name=\"your-name\"><input size=\"40\" maxlength=\"400\" class=\"wpcf7-form-control wpcf7-text wpcf7-validates-as-required\" autocomplete=\"name\" aria-required=\"true\" aria-invalid=\"false\" value=\"\" type=\"text\" name=\"your-name\" \/><\/span> <\/label>\n<\/p>\n<p><label> Deine E-Mail-Adresse*<br \/>\n<span class=\"wpcf7-form-control-wrap\" data-name=\"your-email\"><input size=\"40\" maxlength=\"400\" class=\"wpcf7-form-control wpcf7-email wpcf7-validates-as-required wpcf7-text wpcf7-validates-as-email\" autocomplete=\"email\" aria-required=\"true\" aria-invalid=\"false\" value=\"\" type=\"email\" name=\"your-email\" \/><\/span> <\/label>\n<\/p>\n<p><label> Betreff*<br \/>\n<span class=\"wpcf7-form-control-wrap\" data-name=\"betreff\"><select class=\"wpcf7-form-control wpcf7-select wpcf7-validates-as-required\" aria-required=\"true\" aria-invalid=\"false\" name=\"betreff\"><option value=\"Unverbindliche Beratung\">Unverbindliche Beratung<\/option><option value=\"Angebot anfordern\">Angebot anfordern<\/option><option value=\"Termin vereinbaren\">Termin vereinbaren<\/option><option value=\"Sonstiges\">Sonstiges<\/option><\/select><\/span> <\/label>\n<\/p>\n<p><label> Deine Nachricht (optional)<br \/>\n<span class=\"wpcf7-form-control-wrap\" data-name=\"your-message\"><textarea cols=\"40\" rows=\"10\" maxlength=\"2000\" class=\"wpcf7-form-control wpcf7-textarea\" aria-invalid=\"false\" name=\"your-message\"><\/textarea><\/span> <\/label>\n<\/p>\n<p><span class=\"wpcf7-form-control-wrap\" data-name=\"acceptance-1\"><span class=\"wpcf7-form-control wpcf7-acceptance\"><span class=\"wpcf7-list-item\"><label><input type=\"checkbox\" name=\"acceptance-1\" value=\"1\" aria-invalid=\"false\" \/><span class=\"wpcf7-list-item-label\">Ich stimme der Verarbeitung meiner Daten gem\u00e4\u00df der <a href=\"https:\/\/www.smart-pr.de\/de\/datenschutz\/\" target=\"_blank\">Datenschutzerkl\u00e4rung<\/a> zu.<\/span><\/label><\/span><\/span><\/span>\n<\/p>\n<p><input class=\"wpcf7-form-control wpcf7-submit has-spinner\" type=\"submit\" value=\"Senden\" \/>\n<\/p><div class=\"wpcf7-response-output\" aria-hidden=\"true\"><\/div>\n<\/form>\n<\/div>\n[\/vc_column][\/vc_row]<\/p>\n<\/div>","protected":false},"excerpt":{"rendered":"[vc_row full_width=\"stretch_row_content_no_spaces\" css=\".vc_custom_1729004642234{margin-top: -30px !important;}\"][vc_column][vc_single_image image=\"6416\" img_size=\"full\" alignment=\"center\" css=\"\"][\/vc_column][\/vc_row][vc_row][vc_column width=\"1\/6\"][\/vc_column][vc_column width=\"2\/3\"][vc_column_text css_animation=\"fadeIn\" css=\"\"] Smart Social<span class=\"excerpt-hellip\"> [\u2026]<\/span>","protected":false},"author":2,"featured_media":0,"parent":28,"menu_order":0,"comment_status":"closed","ping_status":"closed","template":"","meta":{"footnotes":""},"class_list":["post-1075","page","type-page","status-publish","hentry"],"yoast_head":"<!-- This site is optimized with the Yoast SEO plugin v25.6 - https:\/\/yoast.com\/wordpress\/plugins\/seo\/ -->\n<title>Social Media Services<\/title>\n<meta name=\"description\" content=\"Ihre Social Media Agentur in D\u00fcsseldorf: Strategie, Storytelling, Community Management &amp; Content Creation.\" \/>\n<meta name=\"robots\" content=\"index, follow, max-snippet:-1, max-image-preview:large, max-video-preview:-1\" \/>\n<link rel=\"canonical\" href=\"https:\/\/smart-pr.de\/de\/leistungen\/social-media-services\/\" \/>\n<meta property=\"og:locale\" content=\"de_DE\" \/>\n<meta property=\"og:type\" content=\"article\" \/>\n<meta property=\"og:title\" content=\"Social Media Services\" \/>\n<meta property=\"og:description\" content=\"Ihre Social Media Agentur in D\u00fcsseldorf: Strategie, Storytelling, Community Management &amp; Content Creation.\" \/>\n<meta property=\"og:url\" content=\"https:\/\/smart-pr.de\/de\/leistungen\/social-media-services\/\" \/>\n<meta property=\"og:site_name\" content=\"SMART PR \/\/ Ihre PR-Agentur in D\u00fcsseldorf\" \/>\n<meta property=\"article:modified_time\" content=\"2025-10-15T15:31:00+00:00\" \/>\n<meta name=\"twitter:card\" content=\"summary_large_image\" \/>\n<meta name=\"twitter:label1\" content=\"Gesch\u00e4tzte Lesezeit\" \/>\n\t<meta name=\"twitter:data1\" content=\"3\u00a0Minuten\" \/>\n<script type=\"application\/ld+json\" class=\"yoast-schema-graph\">{\"@context\":\"https:\/\/schema.org\",\"@graph\":[{\"@type\":\"WebPage\",\"@id\":\"https:\/\/smart-pr.de\/de\/leistungen\/social-media-services\/\",\"url\":\"https:\/\/smart-pr.de\/de\/leistungen\/social-media-services\/\",\"name\":\"Social Media Services\",\"isPartOf\":{\"@id\":\"https:\/\/smart-pr.de\/de\/#website\"},\"datePublished\":\"2024-08-26T13:46:22+00:00\",\"dateModified\":\"2025-10-15T15:31:00+00:00\",\"description\":\"Ihre Social Media Agentur in D\u00fcsseldorf: Strategie, Storytelling, Community Management & Content Creation.\",\"breadcrumb\":{\"@id\":\"https:\/\/smart-pr.de\/de\/leistungen\/social-media-services\/#breadcrumb\"},\"inLanguage\":\"de\",\"potentialAction\":[{\"@type\":\"ReadAction\",\"target\":[\"https:\/\/smart-pr.de\/de\/leistungen\/social-media-services\/\"]}]},{\"@type\":\"BreadcrumbList\",\"@id\":\"https:\/\/smart-pr.de\/de\/leistungen\/social-media-services\/#breadcrumb\",\"itemListElement\":[{\"@type\":\"ListItem\",\"position\":1,\"name\":\"Startseite\",\"item\":\"https:\/\/smart-pr.de\/de\/\"},{\"@type\":\"ListItem\",\"position\":2,\"name\":\"Leistungen\",\"item\":\"https:\/\/smart-pr.de\/de\/leistungen\/\"},{\"@type\":\"ListItem\",\"position\":3,\"name\":\"Social Media Services\"}]},{\"@type\":\"WebSite\",\"@id\":\"https:\/\/smart-pr.de\/de\/#website\",\"url\":\"https:\/\/smart-pr.de\/de\/\",\"name\":\"SMART PR \/\/ Ihre PR-Agentur in D\u00fcsseldorf\",\"description\":\"F\u00fcr ganzheitliche Kommunikation\",\"publisher\":{\"@id\":\"https:\/\/smart-pr.de\/de\/#organization\"},\"potentialAction\":[{\"@type\":\"SearchAction\",\"target\":{\"@type\":\"EntryPoint\",\"urlTemplate\":\"https:\/\/smart-pr.de\/de\/?s={search_term_string}\"},\"query-input\":{\"@type\":\"PropertyValueSpecification\",\"valueRequired\":true,\"valueName\":\"search_term_string\"}}],\"inLanguage\":\"de\"},{\"@type\":\"Organization\",\"@id\":\"https:\/\/smart-pr.de\/de\/#organization\",\"name\":\"SMART PR \/\/ Ihre PR-Agentur in D\u00fcsseldorf\",\"url\":\"https:\/\/smart-pr.de\/de\/\",\"logo\":{\"@type\":\"ImageObject\",\"inLanguage\":\"de\",\"@id\":\"https:\/\/smart-pr.de\/de\/#\/schema\/logo\/image\/\",\"url\":\"https:\/\/smart-pr.de\/wp-content\/uploads\/2024\/08\/smart-pr-logo-2.png\",\"contentUrl\":\"https:\/\/smart-pr.de\/wp-content\/uploads\/2024\/08\/smart-pr-logo-2.png\",\"width\":1800,\"height\":282,\"caption\":\"SMART PR \/\/ Ihre PR-Agentur in D\u00fcsseldorf\"},\"image\":{\"@id\":\"https:\/\/smart-pr.de\/de\/#\/schema\/logo\/image\/\"}}]}<\/script>\n<!-- \/ Yoast SEO plugin. -->","yoast_head_json":{"title":"Social Media Services","description":"Ihre Social Media Agentur in D\u00fcsseldorf: Strategie, Storytelling, Community Management & Content Creation.","robots":{"index":"index","follow":"follow","max-snippet":"max-snippet:-1","max-image-preview":"max-image-preview:large","max-video-preview":"max-video-preview:-1"},"canonical":"https:\/\/smart-pr.de\/de\/leistungen\/social-media-services\/","og_locale":"de_DE","og_type":"article","og_title":"Social Media Services","og_description":"Ihre Social Media Agentur in D\u00fcsseldorf: Strategie, Storytelling, Community Management & Content Creation.","og_url":"https:\/\/smart-pr.de\/de\/leistungen\/social-media-services\/","og_site_name":"SMART PR \/\/ Ihre PR-Agentur in D\u00fcsseldorf","article_modified_time":"2025-10-15T15:31:00+00:00","twitter_card":"summary_large_image","twitter_misc":{"Gesch\u00e4tzte Lesezeit":"3\u00a0Minuten"},"schema":{"@context":"https:\/\/schema.org","@graph":[{"@type":"WebPage","@id":"https:\/\/smart-pr.de\/de\/leistungen\/social-media-services\/","url":"https:\/\/smart-pr.de\/de\/leistungen\/social-media-services\/","name":"Social Media Services","isPartOf":{"@id":"https:\/\/smart-pr.de\/de\/#website"},"datePublished":"2024-08-26T13:46:22+00:00","dateModified":"2025-10-15T15:31:00+00:00","description":"Ihre Social Media Agentur in D\u00fcsseldorf: Strategie, Storytelling, Community Management & Content Creation.","breadcrumb":{"@id":"https:\/\/smart-pr.de\/de\/leistungen\/social-media-services\/#breadcrumb"},"inLanguage":"de","potentialAction":[{"@type":"ReadAction","target":["https:\/\/smart-pr.de\/de\/leistungen\/social-media-services\/"]}]},{"@type":"BreadcrumbList","@id":"https:\/\/smart-pr.de\/de\/leistungen\/social-media-services\/#breadcrumb","itemListElement":[{"@type":"ListItem","position":1,"name":"Startseite","item":"https:\/\/smart-pr.de\/de\/"},{"@type":"ListItem","position":2,"name":"Leistungen","item":"https:\/\/smart-pr.de\/de\/leistungen\/"},{"@type":"ListItem","position":3,"name":"Social Media Services"}]},{"@type":"WebSite","@id":"https:\/\/smart-pr.de\/de\/#website","url":"https:\/\/smart-pr.de\/de\/","name":"SMART PR \/\/ Ihre PR-Agentur in D\u00fcsseldorf","description":"F\u00fcr ganzheitliche Kommunikation","publisher":{"@id":"https:\/\/smart-pr.de\/de\/#organization"},"potentialAction":[{"@type":"SearchAction","target":{"@type":"EntryPoint","urlTemplate":"https:\/\/smart-pr.de\/de\/?s={search_term_string}"},"query-input":{"@type":"PropertyValueSpecification","valueRequired":true,"valueName":"search_term_string"}}],"inLanguage":"de"},{"@type":"Organization","@id":"https:\/\/smart-pr.de\/de\/#organization","name":"SMART PR \/\/ Ihre PR-Agentur in D\u00fcsseldorf","url":"https:\/\/smart-pr.de\/de\/","logo":{"@type":"ImageObject","inLanguage":"de","@id":"https:\/\/smart-pr.de\/de\/#\/schema\/logo\/image\/","url":"https:\/\/smart-pr.de\/wp-content\/uploads\/2024\/08\/smart-pr-logo-2.png","contentUrl":"https:\/\/smart-pr.de\/wp-content\/uploads\/2024\/08\/smart-pr-logo-2.png","width":1800,"height":282,"caption":"SMART PR \/\/ Ihre PR-Agentur in D\u00fcsseldorf"},"image":{"@id":"https:\/\/smart-pr.de\/de\/#\/schema\/logo\/image\/"}}]}},"_links":{"self":[{"href":"https:\/\/smart-pr.de\/de\/wp-json\/wp\/v2\/pages\/1075","targetHints":{"allow":["GET"]}}],"collection":[{"href":"https:\/\/smart-pr.de\/de\/wp-json\/wp\/v2\/pages"}],"about":[{"href":"https:\/\/smart-pr.de\/de\/wp-json\/wp\/v2\/types\/page"}],"author":[{"embeddable":true,"href":"https:\/\/smart-pr.de\/de\/wp-json\/wp\/v2\/users\/2"}],"replies":[{"embeddable":true,"href":"https:\/\/smart-pr.de\/de\/wp-json\/wp\/v2\/comments?post=1075"}],"version-history":[{"count":77,"href":"https:\/\/smart-pr.de\/de\/wp-json\/wp\/v2\/pages\/1075\/revisions"}],"predecessor-version":[{"id":10835,"href":"https:\/\/smart-pr.de\/de\/wp-json\/wp\/v2\/pages\/1075\/revisions\/10835"}],"up":[{"embeddable":true,"href":"https:\/\/smart-pr.de\/de\/wp-json\/wp\/v2\/pages\/28"}],"wp:attachment":[{"href":"https:\/\/smart-pr.de\/de\/wp-json\/wp\/v2\/media?parent=1075"}],"curies":[{"name":"wp","href":"https:\/\/api.w.org\/{rel}","templated":true}]}}