{"id":1062,"date":"2024-08-26T13:37:18","date_gmt":"2024-08-26T13:37:18","guid":{"rendered":"https:\/\/entwicklungsumgebung6729.live-website.com\/?page_id=1062"},"modified":"2025-10-15T15:30:19","modified_gmt":"2025-10-15T15:30:19","slug":"strategie-und-beratung","status":"publish","type":"page","link":"https:\/\/smart-pr.de\/de\/leistungen\/strategie-und-beratung\/","title":{"rendered":"Strategie und Beratung"},"content":{"rendered":"<div class=\"wpb-content-wrapper\"><p>[vc_row full_width=&#8220;stretch_row_content_no_spaces&#8220; css=&#8220;.vc_custom_1729156473880{margin-top: -30px !important;margin-right: 0px !important;margin-bottom: 0px !important;margin-left: 0px !important;padding-top: 0px !important;padding-right: 0px !important;padding-bottom: 0px !important;padding-left: 0px !important;}&#8220;][vc_column css=&#8220;.vc_custom_1724400273462{margin-top: 0px !important;margin-right: 0px !important;margin-bottom: 0px !important;margin-left: 0px !important;padding-top: 0px !important;padding-right: 0px !important;padding-bottom: 0px !important;padding-left: 0px !important;}&#8220;][vc_single_image image=&#8220;6397&#8243; img_size=&#8220;full&#8220; alignment=&#8220;center&#8220; css=&#8220;&#8220;][\/vc_column][\/vc_row][vc_row][vc_column width=&#8220;1\/6&#8243;][\/vc_column][vc_column width=&#8220;2\/3&#8243;][vc_column_text css=&#8220;&#8220;]<\/p>\n<h1><strong>Strategie &amp; Beratung<\/strong><\/h1>\n<p>[\/vc_column_text][\/vc_column][vc_column width=&#8220;1\/6&#8243;][\/vc_column][\/vc_row][vc_row][vc_column width=&#8220;1\/6&#8243;][\/vc_column][vc_column width=&#8220;2\/3&#8243;][vc_column_text css=&#8220;&#8220;]<\/p>\n<h2><strong>PR-Konzepte &amp; Strategien von der D\u00fcsseldorfer Agentur SMART PR<\/strong><\/h2>\n<p>Als PR-Agentur mit strategischem Fokus wissen wir: Der Erfolg jeder PR-Arbeit beginnt mit einem durchdachten Konzept. Wir entwickeln f\u00fcr Sie ma\u00dfgeschneiderte PR-Konzepte, die auf einer umfassenden Analyse, klar formulierten Zielen und einer fundierten PR-Strategie basieren. Egal, ob es sich um ein Kommunikationskonzept f\u00fcr Ihre Marke, eine Produktkampagne, einen Blog oder ein besonderes Projekt wie Ihr Jubil\u00e4um handelt \u2013 wir stehen Ihnen zur Seite.<\/p>\n<p>Unsere PR-Konzepte folgen einer bew\u00e4hrten Struktur: von der Situationsanalyse und Zieldefinition bis hin zur Evaluation und Erfolgskontrolle. Wir fassen die relevanten Ergebnisse f\u00fcr Sie \u00fcbersichtlich zusammen und bereiten sie in der von Ihnen bevorzugten Form auf. Gerne pr\u00e4sentieren wir Ihnen die Ergebnisse auch pers\u00f6nlich.<\/p>\n<p>Unser Ansatz arbeitet die Botschaften heraus, die Ihr Unternehmen einzigartig machen, und legt die Grundlage f\u00fcr eine erfolgreiche Kommunikation.[\/vc_column_text][\/vc_column][vc_column width=&#8220;1\/6&#8243;][\/vc_column][\/vc_row][vc_row][vc_column width=&#8220;1\/6&#8243;][\/vc_column][vc_column width=&#8220;2\/3&#8243;][vc_column_text css=&#8220;&#8220;]<\/p>\n<h2><strong>Strategie im Fokus<\/strong><\/h2>\n<p>Strategie bedeutet f\u00fcr uns einen pr\u00e4zisen Plan, um Ihre Ziele zu erreichen, indem wir alle relevanten Faktoren einbeziehen. Wir begleiten Sie durch den gesamten Prozess: von der Zielentwicklung und Zielgruppenanalyse bis zur Auswahl geeigneter Inhalte und Ma\u00dfnahmen. Regelm\u00e4\u00dfige Analysen und \u00dcberpr\u00fcfungen sichern den Erfolg unserer Strategie.<\/p>\n<p>Wir kennen die Kan\u00e4le, M\u00e4rkte und Zielgruppen und entwickeln gemeinsam mit Ihnen die passenden Strategien, um Ihre Kommunikationsziele zu erreichen. Unser Ziel ist es, einen Weg zu finden, der Ihre Kommunikation zum Erfolg f\u00fchrt.<\/p>\n<p>Gerne beraten wir Sie in einem pers\u00f6nlichen Gespr\u00e4ch zu einem ma\u00dfgeschneiderten PR-Konzept und zur Strategieberatung. Besuchen Sie uns in unserer Agentur im Herzen von D\u00fcsseldorf.[\/vc_column_text][\/vc_column][vc_column width=&#8220;1\/6&#8243;][\/vc_column][\/vc_row][vc_row][vc_column width=&#8220;1\/6&#8243;][\/vc_column][vc_column width=&#8220;2\/3&#8243;][vc_column_text css=&#8220;&#8220;]<\/p>\n<h2><strong>Social Media Strategie Ziele<\/strong><\/h2>\n<p>Social Media Marketing bietet vielseitige M\u00f6glichkeiten f\u00fcr Unternehmen. Nichtsdestotrotz bringen nicht immer alle geplanten Ma\u00dfnahmen im Social Web auch den gew\u00fcnschten Effekt. Um auf Facebook, Instagram und Co. wirklich erfolgreich zu sein, ist es daher enorm wichtig, festzulegen, was genau eigentlich erreicht werden soll und sich sogenannte smarte Ziele zu setzen.<\/p>\n<p>Bevor ein neuer Social Media-Channel \u2013 oder aber eine Kampagne auf einem bereits bestehenden Kanal \u2013 an den Start geht, sollte daher unbedingt formuliert werden, welche Ziele erreicht werden sollen. Aus smart formulierten Kennzahlen kann man auch die KPI ableiten um zu messen, wie erfolgreich eine Social Media-Kampagne ist.<\/p>\n<p>Wir wollen nicht nur erkl\u00e4ren, warum es wichtig ist, vorab konkrete Ziele zu setzen, sondern vor allem zeigen, wie man Social-Media-Ziele besonders sinnvoll mit dem SMART-Modell formuliert.[\/vc_column_text][\/vc_column][vc_column width=&#8220;1\/6&#8243;][\/vc_column][\/vc_row][vc_row][vc_column width=&#8220;1\/6&#8243;][\/vc_column][vc_column width=&#8220;2\/3&#8243;][vc_column_text css=&#8220;&#8220;]<\/p>\n<h2><strong>SMARTe Ziele in f\u00fcnf Schritten<\/strong><\/h2>\n<p>Social Media Marketing-Ma\u00dfnahmen sollten stehts bewusst und zielorientiert ausgew\u00e4hlt werden. F\u00fcr Klarheit und den n\u00f6tigen Durchblick sorgt das SMART-Modell, die bisher vor allem im Projektmanagement angewandt wird. Sie hilft dabei, unternehmerische Ziele zu konkretisieren und zu verbessern.<\/p>\n<p><strong>SMART steht f\u00fcr:<\/strong>[\/vc_column_text][\/vc_column][vc_column width=&#8220;1\/6&#8243;][\/vc_column][\/vc_row][vc_row][vc_column width=&#8220;1\/6&#8243;][\/vc_column][vc_column width=&#8220;2\/3&#8243;][vc_single_image image=&#8220;6275&#8243; img_size=&#8220;full&#8220; css=&#8220;&#8220;][vc_column_text css=&#8220;&#8220;]<\/p>\n<h2><strong>Smarte Zielformulierungen: Beispiele<\/strong><\/h2>\n<p>Social-Media-Ziele sollen dazu beitragen, die strategischen Ziele eines Unternehmens zu erreichen. Wenn einmal festgelegt ist, was durch eine Strategie in den Sozialen Netzwerken \u00fcberhaupt erreicht werden soll, geht es an die konkrete Festlegung der Ziele \u2013 n\u00e4mlich vor allem das Wann und Wie. Die folgenden Beispiele sollen einen Einblick geben, wie f\u00fcr ein Unternehmen relevante Social-Media-Ziele sinnvoll erfasst und pr\u00e4zise ausformuliert werden k\u00f6nnen.[\/vc_column_text][\/vc_column][vc_column width=&#8220;1\/6&#8243;][\/vc_column][\/vc_row][vc_row][vc_column width=&#8220;1\/6&#8243;][\/vc_column][vc_column width=&#8220;2\/3&#8243;][vc_column_text css=&#8220;&#8220;]<\/p>\n<h2><strong>Fazit<\/strong><\/h2>\n<p>Vage Zielsetzungen f\u00fchren zu vagem Erfolg. Damit die Zielerreichung eines Unternehmens \u00fcberpr\u00fcfbar und ggf. Social Media Ma\u00dfnahmen korrigiert werden k\u00f6nnen, ist das SMART-Modell eine sinnvolle Strategie, um Marketing Ma\u00dfnahmen zu evaluieren. Wichtig ist dabei, besonders auf die sehr konkrete Formulierung zu werfen.<\/p>\n<p>Nahezu jedes erfolgreiche Unternehmen ist heutzutage in sozialen Netzwerken unterwegs. Da Social Media f\u00fcr eine ganze Reihe unterschiedlicher Zwecke genutzt bzw. gezielt eingesetzt werden kann, stellt sich \u2013 f\u00fcr jeden, der aktiv Social Media Channels betreibt \u2013 fr\u00fcher oder sp\u00e4ter einmal die Frage, welchen Mehrwert die eigenen Social Media Aktivit\u00e4ten eigentlich mit sich bringen.<\/p>\n<p>Wie lassen sich Inhalte im Social Web effizient erstellen und verteilen? Und welche logischen Konsequenzen ergeben sich daraus f\u00fcr die weitere Unternehmensstrategie? Wir erkl\u00e4ren, warum die Social Media Analyse f\u00fcr Unternehmen notwendig und wichtig ist.[\/vc_column_text][\/vc_column][vc_column width=&#8220;1\/6&#8243;][\/vc_column][\/vc_row][vc_row][vc_column width=&#8220;1\/6&#8243;][\/vc_column][vc_column width=&#8220;2\/3&#8243;][vc_column_text css=&#8220;&#8220;]<\/p>\n<h2><strong>Durchblick gewinnen: Strategische Zielsetzung<\/strong><\/h2>\n<p>Social Media Analysen betrachten in erster Linie die eigene Aktivit\u00e4t im Social Web und werten diese aus. Dabei gibt unter anderem die Anzahl der Interaktionen auf den einzelnen Social Media Plattformen eines Unternehmens Aufschluss dar\u00fcber, wie sich die Reichweite, die Follower-Zahlen und die Qualit\u00e4t der Beitr\u00e4ge entwickeln. Eine gezielte Analyse der Social Media Channels verschafft den notwendigen Durchblick; sind Ressourcen richtig investiert? Wie performen die geposteten Beitr\u00e4ge? Sind die strategischen Ziele sinnvoll oder ist eine Anpassung ebendieser erforderlich? Die Auswertung der einzelnen Channels kann in gewisser Weise als Erfolgsanalyse betrachtet werden, da sie wichtige Hinweise gibt, ob und inwieweit ein Unternehmen \u00fcberhaupt die strategisch richtigen Ziele verfolgt. Social Media Analyse Tools bieten \u2013 je nach Bedarf \u2013 Einzel- oder Komplettl\u00f6sungen an, um ebendiese wichtigen Fragen mithilfe von Kennzahlen zu beantworten und so den eigenen Erfolg messbar zu machen.[\/vc_column_text][\/vc_column][vc_column width=&#8220;1\/6&#8243;][\/vc_column][\/vc_row][vc_row][vc_column width=&#8220;1\/6&#8243;][\/vc_column][vc_column width=&#8220;2\/3&#8243;][vc_column_text css=&#8220;&#8220;]<\/p>\n<h2><strong>\u00dcberblick behalten: Zielgruppen &amp; Kanaleigenschaften verstehen<\/strong><\/h2>\n<p>Mit Social Media Analytics lassen sich aber nicht nur die \u00fcbergreifende Zielerreichung und Erfolgsquoten eines Unternehmens beobachten, sondern sie helfen auch dabei, Zielgruppen und ihre Bed\u00fcrfnisse bzw. Interessen besser zu verstehen. Durch die Beobachtung des t\u00e4glichen Community-Managements wird aufgezeigt, welche Themen st\u00e4rker diskutiert werden und welche Fragen regelm\u00e4\u00dfig aufkommen. Die Analyse der KPI zeigt auch, welches Thema und welche Art von Beitrag (Fotos, Videos etc.) an welchem Wochentag, zu welcher Uhrzeit und auf welcher Plattform (Facebook, Twitter, Instagram, Youtube etc.) f\u00fcr die jeweilige Zielgruppe am sinnvollsten ist bzw. besser performt. Wann ist die Community aktiv und was bewegt die User? Und wie erfolgreich sind eigentlich die Posts des eigenen Unternehmens im Vergleich zum Wettbewerb bzw. welche Themen kommen dort gut an? Aufschluss \u00fcber die Effizienz eines Beitrags und alle wichtigen Informationen im Hinblick auf das \u201aWie, Wo und Wann\u2018 lassen sich mithilfe von Social Media Analytics schon mit ein paar Klicks gewinnen.[\/vc_column_text][\/vc_column][vc_column width=&#8220;1\/6&#8243;][\/vc_column][\/vc_row][vc_row][vc_column width=&#8220;1\/6&#8243;][\/vc_column][vc_column width=&#8220;2\/3&#8243;][vc_column_text css=&#8220;&#8220;]<\/p>\n<h2><strong>Fazit: Mehr als nur posten, liken und teilen<\/strong><\/h2>\n<p>Die sozialen Medien erm\u00f6glichen es eine bestimmte Zielgruppe schnell und einfach in Echtzeit zu erreichen. Der Datendschungel im digitalen Raum stellt allerdings viele Unternehmen vor eine gro\u00dfe Herausforderung. Social Media Analytics helfen dabei die \u2013 je nach Fragestellung \u2013 relevanten Daten f\u00fcr ein Unternehmen zielgerichtet herauszufiltern. Wie erfolgreich und wirksam die eigene Arbeit im Social Web und inwieweit das eigene Social-Media-Marketing verbesserungsw\u00fcrdig ist, l\u00e4sst sich nur durch eine professionelle Beobachtung und Analyse der Social Media Channels aufzeigen. Erfolg richtet sich immer nach den jeweiligen strategischen Zielen, die ein Unternehmen erreichen will. Ohne ein Verst\u00e4ndnis f\u00fcr die Bed\u00fcrfnisse und Interessen spezifischer Zielgruppen, kann es allerdings schnell passieren, dass man das eigentlich gew\u00fcnschte Publikum nie erreicht. Mit Hilfe von Social Media Analytics kann ein Unternehmen von Zielgruppen lernen, denn es ist die Community, die entscheidet, welche Meinung \u00fcber ein Produkt, eine Marken oder Dienstleistungen im Web herrscht.[\/vc_column_text][\/vc_column][vc_column width=&#8220;1\/6&#8243;][\/vc_column][\/vc_row][vc_row][vc_column width=&#8220;1\/6&#8243;][\/vc_column][vc_column width=&#8220;2\/3&#8243;][vc_column_text css=&#8220;&#8220;]H\u00e4ufige Fragen zu Strategie &amp; Beratung beantworten wir in unseren <span style=\"color: #3366ff;\"><a style=\"color: #3366ff;\" href=\"https:\/\/blog.smart-pr.de\/faqs#hs_cos_wrapper_module_1757000542586\">[FAQs]<\/a><\/span>[\/vc_column_text][\/vc_column][vc_column width=&#8220;1\/6&#8243;][\/vc_column][\/vc_row][vc_row full_width=&#8220;stretch_row_content_no_spaces&#8220; equal_height=&#8220;yes&#8220; content_placement=&#8220;middle&#8220; css_animation=&#8220;none&#8220; css=&#8220;.vc_custom_1729589337537{margin-bottom: -20px !important;padding-top: 5% !important;padding-right: 2% !important;padding-bottom: 5% !important;padding-left: 2% !important;background-color: #ffd500 !important;}&#8220;][vc_column css_animation=&#8220;fadeInLeft&#8220; width=&#8220;1\/2&#8243; css=&#8220;.vc_custom_1725436267372{margin-top: 0px !important;margin-bottom: 0px !important;padding-top: 0px !important;padding-bottom: 0px !important;}&#8220;][vc_row_inner][vc_column_inner][\/vc_column_inner][\/vc_row_inner][vc_column_text css=&#8220;.vc_custom_1728987928718{padding-right: 10% !important;padding-left: 10% !important;}&#8220;]<\/p>\n<p style=\"text-align: center;\">Bereit, Ihre Kommunikationsstrategie zu optimieren? Lassen Sie uns gemeinsam Ihre Ziele verwirklichen \u2013 kontaktieren Sie uns jetzt!<\/p>\n<p>[\/vc_column_text][vc_row_inner][vc_column_inner][vc_icon icon_fontawesome=&#8220;fas fa-phone-alt&#8220; color=&#8220;custom&#8220; background_style=&#8220;rounded-less&#8220; background_color=&#8220;black&#8220; size=&#8220;sm&#8220; align=&#8220;center&#8220; css=&#8220;&#8220; custom_color=&#8220;#ffd500&#8243;][vc_column_text css=&#8220;&#8220;]<\/p>\n<h4 style=\"text-align: center;\">+49 211 2709-0<\/h4>\n<p>[\/vc_column_text][\/vc_column_inner][\/vc_row_inner][\/vc_column][vc_column css_animation=&#8220;fadeInRightBig&#8220; width=&#8220;1\/2&#8243;]\n<div class=\"wpcf7 no-js\" id=\"wpcf7-f11-o1\" lang=\"de-DE\" dir=\"ltr\" data-wpcf7-id=\"11\">\n<div class=\"screen-reader-response\"><p role=\"status\" aria-live=\"polite\" aria-atomic=\"true\"><\/p> <ul><\/ul><\/div>\n<form action=\"\/de\/wp-json\/wp\/v2\/pages\/1062#wpcf7-f11-o1\" method=\"post\" class=\"wpcf7-form init\" aria-label=\"Kontaktformular\" novalidate=\"novalidate\" data-status=\"init\">\n<fieldset class=\"hidden-fields-container\"><input type=\"hidden\" name=\"_wpcf7\" value=\"11\" \/><input type=\"hidden\" name=\"_wpcf7_version\" value=\"6.1.1\" \/><input type=\"hidden\" name=\"_wpcf7_locale\" value=\"de_DE\" \/><input type=\"hidden\" name=\"_wpcf7_unit_tag\" value=\"wpcf7-f11-o1\" \/><input type=\"hidden\" name=\"_wpcf7_container_post\" value=\"0\" \/><input type=\"hidden\" name=\"_wpcf7_posted_data_hash\" value=\"\" \/><input type=\"hidden\" name=\"_wpcf7_recaptcha_response\" value=\"\" \/>\n<\/fieldset>\n<p><label> Dein Name*<br \/>\n<span class=\"wpcf7-form-control-wrap\" data-name=\"your-name\"><input size=\"40\" maxlength=\"400\" class=\"wpcf7-form-control wpcf7-text wpcf7-validates-as-required\" autocomplete=\"name\" aria-required=\"true\" aria-invalid=\"false\" value=\"\" type=\"text\" name=\"your-name\" \/><\/span> <\/label>\n<\/p>\n<p><label> Deine E-Mail-Adresse*<br \/>\n<span class=\"wpcf7-form-control-wrap\" data-name=\"your-email\"><input size=\"40\" maxlength=\"400\" class=\"wpcf7-form-control wpcf7-email wpcf7-validates-as-required wpcf7-text wpcf7-validates-as-email\" autocomplete=\"email\" aria-required=\"true\" aria-invalid=\"false\" value=\"\" type=\"email\" name=\"your-email\" \/><\/span> <\/label>\n<\/p>\n<p><label> Betreff*<br \/>\n<span class=\"wpcf7-form-control-wrap\" data-name=\"betreff\"><select class=\"wpcf7-form-control wpcf7-select wpcf7-validates-as-required\" aria-required=\"true\" aria-invalid=\"false\" name=\"betreff\"><option value=\"Unverbindliche Beratung\">Unverbindliche Beratung<\/option><option value=\"Angebot anfordern\">Angebot anfordern<\/option><option value=\"Termin vereinbaren\">Termin vereinbaren<\/option><option value=\"Sonstiges\">Sonstiges<\/option><\/select><\/span> <\/label>\n<\/p>\n<p><label> Deine Nachricht (optional)<br \/>\n<span class=\"wpcf7-form-control-wrap\" data-name=\"your-message\"><textarea cols=\"40\" rows=\"10\" maxlength=\"2000\" class=\"wpcf7-form-control wpcf7-textarea\" aria-invalid=\"false\" name=\"your-message\"><\/textarea><\/span> <\/label>\n<\/p>\n<p><span class=\"wpcf7-form-control-wrap\" data-name=\"acceptance-1\"><span class=\"wpcf7-form-control wpcf7-acceptance\"><span class=\"wpcf7-list-item\"><label><input type=\"checkbox\" name=\"acceptance-1\" value=\"1\" aria-invalid=\"false\" \/><span class=\"wpcf7-list-item-label\">Ich stimme der Verarbeitung meiner Daten gem\u00e4\u00df der <a href=\"https:\/\/www.smart-pr.de\/de\/datenschutz\/\" target=\"_blank\">Datenschutzerkl\u00e4rung<\/a> zu.<\/span><\/label><\/span><\/span><\/span>\n<\/p>\n<p><input class=\"wpcf7-form-control wpcf7-submit has-spinner\" type=\"submit\" value=\"Senden\" \/>\n<\/p><div class=\"wpcf7-response-output\" aria-hidden=\"true\"><\/div>\n<\/form>\n<\/div>\n[\/vc_column][\/vc_row]<\/p>\n<\/div>","protected":false},"excerpt":{"rendered":"[vc_row full_width=\"stretch_row_content_no_spaces\" css=\".vc_custom_1729156473880{margin-top: -30px !important;margin-right: 0px !important;margin-bottom: 0px !important;margin-left: 0px !important;padding-top: 0px !important;padding-right: 0px !important;padding-bottom:<span class=\"excerpt-hellip\"> [\u2026]<\/span>","protected":false},"author":2,"featured_media":0,"parent":28,"menu_order":0,"comment_status":"closed","ping_status":"closed","template":"","meta":{"footnotes":""},"class_list":["post-1062","page","type-page","status-publish","hentry"],"yoast_head":"<!-- This site is optimized with the Yoast SEO plugin v25.6 - https:\/\/yoast.com\/wordpress\/plugins\/seo\/ -->\n<title>Strategie &amp; Beratung: Erfolgreiche Kommunikationsl\u00f6sungen<\/title>\n<meta name=\"description\" content=\"Strategie und Beratung - Smart PR in D\u00fcsseldorf bietet ma\u00dfgeschneiderte PR-Strategien und Beratung f\u00fcr Ihre Markenkommunikation.\" \/>\n<meta name=\"robots\" content=\"index, follow, max-snippet:-1, max-image-preview:large, max-video-preview:-1\" \/>\n<link rel=\"canonical\" href=\"https:\/\/smart-pr.de\/de\/leistungen\/strategie-und-beratung\/\" \/>\n<meta property=\"og:locale\" content=\"de_DE\" \/>\n<meta property=\"og:type\" content=\"article\" \/>\n<meta property=\"og:title\" content=\"Strategie &amp; Beratung: Erfolgreiche Kommunikationsl\u00f6sungen\" \/>\n<meta property=\"og:description\" content=\"Strategie und Beratung - Smart PR in D\u00fcsseldorf bietet ma\u00dfgeschneiderte PR-Strategien und Beratung f\u00fcr Ihre Markenkommunikation.\" \/>\n<meta property=\"og:url\" content=\"https:\/\/smart-pr.de\/de\/leistungen\/strategie-und-beratung\/\" \/>\n<meta property=\"og:site_name\" content=\"SMART PR \/\/ Ihre PR-Agentur in D\u00fcsseldorf\" \/>\n<meta property=\"article:modified_time\" content=\"2025-10-15T15:30:19+00:00\" \/>\n<meta name=\"twitter:card\" content=\"summary_large_image\" \/>\n<meta name=\"twitter:label1\" content=\"Gesch\u00e4tzte Lesezeit\" \/>\n\t<meta name=\"twitter:data1\" content=\"8\u00a0Minuten\" \/>\n<script type=\"application\/ld+json\" class=\"yoast-schema-graph\">{\"@context\":\"https:\/\/schema.org\",\"@graph\":[{\"@type\":\"WebPage\",\"@id\":\"https:\/\/smart-pr.de\/de\/leistungen\/strategie-und-beratung\/\",\"url\":\"https:\/\/smart-pr.de\/de\/leistungen\/strategie-und-beratung\/\",\"name\":\"Strategie & Beratung: Erfolgreiche Kommunikationsl\u00f6sungen\",\"isPartOf\":{\"@id\":\"https:\/\/smart-pr.de\/de\/#website\"},\"datePublished\":\"2024-08-26T13:37:18+00:00\",\"dateModified\":\"2025-10-15T15:30:19+00:00\",\"description\":\"Strategie und Beratung - Smart PR in D\u00fcsseldorf bietet ma\u00dfgeschneiderte PR-Strategien und Beratung f\u00fcr Ihre Markenkommunikation.\",\"breadcrumb\":{\"@id\":\"https:\/\/smart-pr.de\/de\/leistungen\/strategie-und-beratung\/#breadcrumb\"},\"inLanguage\":\"de\",\"potentialAction\":[{\"@type\":\"ReadAction\",\"target\":[\"https:\/\/smart-pr.de\/de\/leistungen\/strategie-und-beratung\/\"]}]},{\"@type\":\"BreadcrumbList\",\"@id\":\"https:\/\/smart-pr.de\/de\/leistungen\/strategie-und-beratung\/#breadcrumb\",\"itemListElement\":[{\"@type\":\"ListItem\",\"position\":1,\"name\":\"Startseite\",\"item\":\"https:\/\/smart-pr.de\/de\/\"},{\"@type\":\"ListItem\",\"position\":2,\"name\":\"Leistungen\",\"item\":\"https:\/\/smart-pr.de\/de\/leistungen\/\"},{\"@type\":\"ListItem\",\"position\":3,\"name\":\"Strategie und Beratung\"}]},{\"@type\":\"WebSite\",\"@id\":\"https:\/\/smart-pr.de\/de\/#website\",\"url\":\"https:\/\/smart-pr.de\/de\/\",\"name\":\"SMART PR \/\/ Ihre PR-Agentur in D\u00fcsseldorf\",\"description\":\"F\u00fcr ganzheitliche Kommunikation\",\"publisher\":{\"@id\":\"https:\/\/smart-pr.de\/de\/#organization\"},\"potentialAction\":[{\"@type\":\"SearchAction\",\"target\":{\"@type\":\"EntryPoint\",\"urlTemplate\":\"https:\/\/smart-pr.de\/de\/?s={search_term_string}\"},\"query-input\":{\"@type\":\"PropertyValueSpecification\",\"valueRequired\":true,\"valueName\":\"search_term_string\"}}],\"inLanguage\":\"de\"},{\"@type\":\"Organization\",\"@id\":\"https:\/\/smart-pr.de\/de\/#organization\",\"name\":\"SMART PR \/\/ Ihre PR-Agentur in D\u00fcsseldorf\",\"url\":\"https:\/\/smart-pr.de\/de\/\",\"logo\":{\"@type\":\"ImageObject\",\"inLanguage\":\"de\",\"@id\":\"https:\/\/smart-pr.de\/de\/#\/schema\/logo\/image\/\",\"url\":\"https:\/\/smart-pr.de\/wp-content\/uploads\/2024\/08\/smart-pr-logo-2.png\",\"contentUrl\":\"https:\/\/smart-pr.de\/wp-content\/uploads\/2024\/08\/smart-pr-logo-2.png\",\"width\":1800,\"height\":282,\"caption\":\"SMART PR \/\/ Ihre PR-Agentur in D\u00fcsseldorf\"},\"image\":{\"@id\":\"https:\/\/smart-pr.de\/de\/#\/schema\/logo\/image\/\"}}]}<\/script>\n<!-- \/ Yoast SEO plugin. -->","yoast_head_json":{"title":"Strategie & Beratung: Erfolgreiche Kommunikationsl\u00f6sungen","description":"Strategie und Beratung - Smart PR in D\u00fcsseldorf bietet ma\u00dfgeschneiderte PR-Strategien und Beratung f\u00fcr Ihre Markenkommunikation.","robots":{"index":"index","follow":"follow","max-snippet":"max-snippet:-1","max-image-preview":"max-image-preview:large","max-video-preview":"max-video-preview:-1"},"canonical":"https:\/\/smart-pr.de\/de\/leistungen\/strategie-und-beratung\/","og_locale":"de_DE","og_type":"article","og_title":"Strategie & Beratung: Erfolgreiche Kommunikationsl\u00f6sungen","og_description":"Strategie und Beratung - Smart PR in D\u00fcsseldorf bietet ma\u00dfgeschneiderte PR-Strategien und Beratung f\u00fcr Ihre Markenkommunikation.","og_url":"https:\/\/smart-pr.de\/de\/leistungen\/strategie-und-beratung\/","og_site_name":"SMART PR \/\/ Ihre PR-Agentur in D\u00fcsseldorf","article_modified_time":"2025-10-15T15:30:19+00:00","twitter_card":"summary_large_image","twitter_misc":{"Gesch\u00e4tzte Lesezeit":"8\u00a0Minuten"},"schema":{"@context":"https:\/\/schema.org","@graph":[{"@type":"WebPage","@id":"https:\/\/smart-pr.de\/de\/leistungen\/strategie-und-beratung\/","url":"https:\/\/smart-pr.de\/de\/leistungen\/strategie-und-beratung\/","name":"Strategie & Beratung: Erfolgreiche Kommunikationsl\u00f6sungen","isPartOf":{"@id":"https:\/\/smart-pr.de\/de\/#website"},"datePublished":"2024-08-26T13:37:18+00:00","dateModified":"2025-10-15T15:30:19+00:00","description":"Strategie und Beratung - Smart PR in D\u00fcsseldorf bietet ma\u00dfgeschneiderte PR-Strategien und Beratung f\u00fcr Ihre Markenkommunikation.","breadcrumb":{"@id":"https:\/\/smart-pr.de\/de\/leistungen\/strategie-und-beratung\/#breadcrumb"},"inLanguage":"de","potentialAction":[{"@type":"ReadAction","target":["https:\/\/smart-pr.de\/de\/leistungen\/strategie-und-beratung\/"]}]},{"@type":"BreadcrumbList","@id":"https:\/\/smart-pr.de\/de\/leistungen\/strategie-und-beratung\/#breadcrumb","itemListElement":[{"@type":"ListItem","position":1,"name":"Startseite","item":"https:\/\/smart-pr.de\/de\/"},{"@type":"ListItem","position":2,"name":"Leistungen","item":"https:\/\/smart-pr.de\/de\/leistungen\/"},{"@type":"ListItem","position":3,"name":"Strategie und Beratung"}]},{"@type":"WebSite","@id":"https:\/\/smart-pr.de\/de\/#website","url":"https:\/\/smart-pr.de\/de\/","name":"SMART PR \/\/ Ihre PR-Agentur in D\u00fcsseldorf","description":"F\u00fcr ganzheitliche Kommunikation","publisher":{"@id":"https:\/\/smart-pr.de\/de\/#organization"},"potentialAction":[{"@type":"SearchAction","target":{"@type":"EntryPoint","urlTemplate":"https:\/\/smart-pr.de\/de\/?s={search_term_string}"},"query-input":{"@type":"PropertyValueSpecification","valueRequired":true,"valueName":"search_term_string"}}],"inLanguage":"de"},{"@type":"Organization","@id":"https:\/\/smart-pr.de\/de\/#organization","name":"SMART PR \/\/ Ihre PR-Agentur in D\u00fcsseldorf","url":"https:\/\/smart-pr.de\/de\/","logo":{"@type":"ImageObject","inLanguage":"de","@id":"https:\/\/smart-pr.de\/de\/#\/schema\/logo\/image\/","url":"https:\/\/smart-pr.de\/wp-content\/uploads\/2024\/08\/smart-pr-logo-2.png","contentUrl":"https:\/\/smart-pr.de\/wp-content\/uploads\/2024\/08\/smart-pr-logo-2.png","width":1800,"height":282,"caption":"SMART PR \/\/ Ihre PR-Agentur in D\u00fcsseldorf"},"image":{"@id":"https:\/\/smart-pr.de\/de\/#\/schema\/logo\/image\/"}}]}},"_links":{"self":[{"href":"https:\/\/smart-pr.de\/de\/wp-json\/wp\/v2\/pages\/1062","targetHints":{"allow":["GET"]}}],"collection":[{"href":"https:\/\/smart-pr.de\/de\/wp-json\/wp\/v2\/pages"}],"about":[{"href":"https:\/\/smart-pr.de\/de\/wp-json\/wp\/v2\/types\/page"}],"author":[{"embeddable":true,"href":"https:\/\/smart-pr.de\/de\/wp-json\/wp\/v2\/users\/2"}],"replies":[{"embeddable":true,"href":"https:\/\/smart-pr.de\/de\/wp-json\/wp\/v2\/comments?post=1062"}],"version-history":[{"count":35,"href":"https:\/\/smart-pr.de\/de\/wp-json\/wp\/v2\/pages\/1062\/revisions"}],"predecessor-version":[{"id":10832,"href":"https:\/\/smart-pr.de\/de\/wp-json\/wp\/v2\/pages\/1062\/revisions\/10832"}],"up":[{"embeddable":true,"href":"https:\/\/smart-pr.de\/de\/wp-json\/wp\/v2\/pages\/28"}],"wp:attachment":[{"href":"https:\/\/smart-pr.de\/de\/wp-json\/wp\/v2\/media?parent=1062"}],"curies":[{"name":"wp","href":"https:\/\/api.w.org\/{rel}","templated":true}]}}